{"id":2,"date":"2026-02-22T23:07:44","date_gmt":"2026-02-22T23:07:44","guid":{"rendered":"http:\/\/64.225.116.12\/?page_id=2"},"modified":"2026-03-02T17:27:02","modified_gmt":"2026-03-02T20:27:02","slug":"hero","status":"publish","type":"page","link":"https:\/\/www.ovrn.com.py\/index.php\/hero\/","title":{"rendered":"Hero!"},"content":{"rendered":"\n<h1 class=\"wp-block-heading has-text-align-center\">ALPHA DROP 01 \u2014  PRE-SALE<\/h1>\n\n\n\n<h1 class=\"wp-block-heading has-text-align-center\"><strong><mark style=\"background-color:rgba(0, 0, 0, 0);color:#fd572a\" class=\"has-inline-color\">PRE-VENTA EXCLUSIVA<\/mark><\/strong><\/h1>\n\n\n\n<p class=\"has-text-align-center\">Tecnolog\u00eda japonesa | Dise\u00f1ado en Paraguay | Producci\u00f3n limitada<\/p>\n\n\n\n<div class=\"wp-block-columns alignfull is-layout-flex wp-container-core-columns-is-layout-9d6595d7 wp-block-columns-is-layout-flex\">\n<div class=\"wp-block-column is-vertically-aligned-center is-layout-flow wp-block-column-is-layout-flow\">\n<p><\/p>\n\n\n\n<h3 class=\"wp-block-heading has-text-align-center\"><strong>Tejido woven japon\u00e9s<\/strong><\/h3>\n\n\n\n<p class=\"has-text-align-center\">    Es un tejido de alto rendimiento con micro-ventilaci\u00f3n extrema y manejo de humedad avanzado (quick-dry).<\/p>\n\n\n\n<h3 class=\"wp-block-heading has-text-align-center\"><strong>Corte l\u00e1ser de precisi\u00f3<\/strong>n<\/h3>\n\n\n\n<p class=\"has-text-align-center\">    Aperturas laterales optimizadas para movilidad total, sin restricciones y sin fricci\u00f3n interna.<\/p>\n\n\n\n<h3 class=\"wp-block-heading has-text-align-center\"><strong>Prototipo funcional<\/strong><\/h3>\n\n\n\n<p class=\"has-text-align-center\">    Estamos validando la primera versi\u00f3n bajo evaluaci\u00f3n de rendimiento. Este modelo servir\u00e1 de referencia para producci\u00f3n final.<\/p>\n\n\n\n<p>    .<\/p>\n\n\n\n<div class=\"wp-block-buttons is-content-justification-center is-layout-flex wp-container-core-buttons-is-layout-16018d1d wp-block-buttons-is-layout-flex\">\n<div class=\"wp-block-button\"><h3><a class=\"wp-block-button__link has-text-align-center wp-element-button\" href=\"https:\/\/www.ovrn.com.py\/index.php\/tienda\/\">RESERVAR DROP<\/a><\/h3><\/div>\n<\/div>\n<\/div>\n\n\n\n<div class=\"wp-block-column is-vertically-aligned-center is-layout-flow wp-block-column-is-layout-flow\" style=\"flex-basis:66.66%\"><div class=\"wp-block-image\">\n<figure class=\"aligncenter size-full is-resized\"><img fetchpriority=\"high\" decoding=\"async\" width=\"1024\" height=\"683\" src=\"https:\/\/www.ovrn.com.py\/wp-content\/uploads\/2026\/03\/Gemini_Generated_Image_xhwdo1xhwdo1xhwd-edited-1.png\" alt=\"\" class=\"wp-image-503\" style=\"width:938px;height:auto\" srcset=\"https:\/\/www.ovrn.com.py\/wp-content\/uploads\/2026\/03\/Gemini_Generated_Image_xhwdo1xhwdo1xhwd-edited-1.png 1024w, https:\/\/www.ovrn.com.py\/wp-content\/uploads\/2026\/03\/Gemini_Generated_Image_xhwdo1xhwdo1xhwd-edited-1-300x200.png 300w, https:\/\/www.ovrn.com.py\/wp-content\/uploads\/2026\/03\/Gemini_Generated_Image_xhwdo1xhwdo1xhwd-edited-1-768x512.png 768w, https:\/\/www.ovrn.com.py\/wp-content\/uploads\/2026\/03\/Gemini_Generated_Image_xhwdo1xhwdo1xhwd-edited-1-600x400.png 600w\" sizes=\"(max-width: 1024px) 100vw, 1024px\" \/><\/figure>\n<\/div><\/div>\n<\/div>\n\n\n\n<p><\/p>\n","protected":false},"excerpt":{"rendered":"<p>ALPHA DROP 01 \u2014 PRE-SALE PRE-VENTA EXCLUSIVA Tecnolog\u00eda japonesa | Dise\u00f1ado en Paraguay | Producci\u00f3n limitada Tejido woven japon\u00e9s Es&#8230;<\/p>\n","protected":false},"author":1,"featured_media":0,"parent":0,"menu_order":0,"comment_status":"closed","ping_status":"closed","template":"","meta":{"footnotes":""},"class_list":["post-2","page","type-page","status-publish","hentry"],"jetpack_sharing_enabled":true,"post-meta":{"_wp_page_template":["default"],"_edit_lock":["1772483222:1"],"_edit_last":["1"],"site-container":["default"],"site-header-transparent":["default"],"site-page-header":["default"],"site-sidebar":["default"]},"_links":{"self":[{"href":"https:\/\/www.ovrn.com.py\/index.php\/wp-json\/wp\/v2\/pages\/2","targetHints":{"allow":["GET"]}}],"collection":[{"href":"https:\/\/www.ovrn.com.py\/index.php\/wp-json\/wp\/v2\/pages"}],"about":[{"href":"https:\/\/www.ovrn.com.py\/index.php\/wp-json\/wp\/v2\/types\/page"}],"author":[{"embeddable":true,"href":"https:\/\/www.ovrn.com.py\/index.php\/wp-json\/wp\/v2\/users\/1"}],"replies":[{"embeddable":true,"href":"https:\/\/www.ovrn.com.py\/index.php\/wp-json\/wp\/v2\/comments?post=2"}],"version-history":[{"count":29,"href":"https:\/\/www.ovrn.com.py\/index.php\/wp-json\/wp\/v2\/pages\/2\/revisions"}],"predecessor-version":[{"id":540,"href":"https:\/\/www.ovrn.com.py\/index.php\/wp-json\/wp\/v2\/pages\/2\/revisions\/540"}],"wp:attachment":[{"href":"https:\/\/www.ovrn.com.py\/index.php\/wp-json\/wp\/v2\/media?parent=2"}],"curies":[{"name":"wp","href":"https:\/\/api.w.org\/{rel}","templated":true}]}}