{"id":275,"date":"2026-02-23T08:08:53","date_gmt":"2026-02-23T11:08:53","guid":{"rendered":"https:\/\/www.ovrn.com.py\/?page_id=275"},"modified":"2026-02-23T08:08:56","modified_gmt":"2026-02-23T11:08:56","slug":"unirme-al-club","status":"publish","type":"page","link":"https:\/\/www.ovrn.com.py\/index.php\/unirme-al-club\/","title":{"rendered":"Unirme al club"},"content":{"rendered":"  \n  \n  <div class=\"\n    mailpoet_form_popup_overlay\n      \"><\/div>\n  <div\n    id=\"mailpoet_form_1\"\n    class=\"\n      mailpoet_form\n      mailpoet_form_html\n      mailpoet_form_position_\n      mailpoet_form_animation_\n    \"\n      >\n\n    <style type=\"text\/css\">\n     #mailpoet_form_1 form.mailpoet_form { margin-bottom: 0; background: #f2efeb; }\n#mailpoet_form_1 p.mailpoet_form_paragraph.last { margin-bottom: 0px; }\n#mailpoet_form_1 h1.mailpoet-heading { margin: 0 0 10px; }\n#mailpoet_form_1 .mailpoet_column_with_background { padding: 10px; }\n#mailpoet_form_1 .mailpoet_form_column:not(:first-child) { margin-left: 20px; }\n#mailpoet_form_1 .mailpoet_paragraph { line-height: 20px; margin-bottom: 20px; }\n#mailpoet_form_1 .mailpoet_segment_label, #mailpoet_form_1 .mailpoet_text_label, #mailpoet_form_1 .mailpoet_textarea_label, #mailpoet_form_1 .mailpoet_select_label, #mailpoet_form_1 .mailpoet_radio_label, #mailpoet_form_1 .mailpoet_checkbox_label, #mailpoet_form_1 .mailpoet_list_label, #mailpoet_form_1 .mailpoet_date_label { display: block; font-weight: normal; }\n#mailpoet_form_1 .mailpoet_text, #mailpoet_form_1 .mailpoet_textarea, #mailpoet_form_1 .mailpoet_select, #mailpoet_form_1 .mailpoet_date_month, #mailpoet_form_1 .mailpoet_date_day, #mailpoet_form_1 .mailpoet_date_year, #mailpoet_form_1 .mailpoet_date { display: block; border: 2px solid #201f1f; }\n#mailpoet_form_1 .mailpoet_text, #mailpoet_form_1 .mailpoet_textarea { width: 400px; }\n#mailpoet_form_1 .mailpoet_checkbox {  }\n#mailpoet_form_1 .mailpoet_submit {  }\n#mailpoet_form_1 .mailpoet_divider {  }\n#mailpoet_form_1 .mailpoet_message {  }\n#mailpoet_form_1 .mailpoet_form_loading { width: 30px; text-align: center; line-height: normal; }\n#mailpoet_form_1 .mailpoet_form_loading > span { width: 5px; height: 5px; background-color: #5b5b5b; }#mailpoet_form_1{border: 5px solid #f2efeb;border-radius: 20px;background: #f2efeb;color: #313131;text-align: left;}#mailpoet_form_1 form.mailpoet_form {padding: 10px;}#mailpoet_form_1{width: 100%;}#mailpoet_form_1 .mailpoet_message {margin: 0; padding: 0 20px;}\n        #mailpoet_form_1 .mailpoet_validate_success {color: #695ac6}\n        #mailpoet_form_1 input.parsley-success {color: #695ac6}\n        #mailpoet_form_1 select.parsley-success {color: #695ac6}\n        #mailpoet_form_1 textarea.parsley-success {color: #695ac6}\n      \n        #mailpoet_form_1 .mailpoet_validate_error {color: #fd572a}\n        #mailpoet_form_1 input.parsley-error {color: #fd572a}\n        #mailpoet_form_1 select.parsley-error {color: #fd572a}\n        #mailpoet_form_1 textarea.textarea.parsley-error {color: #fd572a}\n        #mailpoet_form_1 .parsley-errors-list {color: #fd572a}\n        #mailpoet_form_1 .parsley-required {color: #fd572a}\n        #mailpoet_form_1 .parsley-custom-error-message {color: #fd572a}\n      #mailpoet_form_1 .mailpoet_paragraph.last {margin-bottom: 0} @media (max-width: 500px) {#mailpoet_form_1 {background: #f2efeb;}} @media (min-width: 500px) {#mailpoet_form_1 .last .mailpoet_paragraph:last-child {margin-bottom: 0}}  @media (max-width: 500px) {#mailpoet_form_1 .mailpoet_form_column:last-child .mailpoet_paragraph:last-child {margin-bottom: 0}} \n    <\/style>\n\n    <form\n      target=\"_self\"\n      method=\"post\"\n      action=\"https:\/\/www.ovrn.com.py\/wp-admin\/admin-post.php?action=mailpoet_subscription_form\"\n      class=\"mailpoet_form mailpoet_form_form mailpoet_form_html\"\n      novalidate\n      data-delay=\"\"\n      data-exit-intent-enabled=\"\"\n      data-font-family=\"\"\n      data-cookie-expiration-time=\"\"\n    >\n      <input type=\"hidden\" name=\"data[form_id]\" value=\"1\" \/>\n      <input type=\"hidden\" name=\"token\" value=\"c88eda7a9f\" \/>\n      <input type=\"hidden\" name=\"api_version\" value=\"v1\" \/>\n      <input type=\"hidden\" name=\"endpoint\" value=\"subscribers\" \/>\n      <input type=\"hidden\" name=\"mailpoet_method\" value=\"subscribe\" \/>\n\n      <label class=\"mailpoet_hp_email_label\" style=\"display: none !important;\">Please leave this field empty<input type=\"email\" name=\"data[email]\"\/><\/label><div class='mailpoet_form_columns_container'><div class=\"mailpoet_form_columns mailpoet_paragraph mailpoet_stack_on_mobile\"><div class=\"mailpoet_form_column\"><p class=\"mailpoet_form_paragraph \" style=\"text-align: left\"><\/p>\n<\/div>\n<div class=\"mailpoet_form_column\"><h1 class=\"mailpoet-heading  mailpoet-has-font-size\" style=\"text-align: center; color: #313131; font-size: 48px; line-height: 1.2\"><span style=\"font-family:\" data-font=\"\" class=\"mailpoet-has-font\">\ud83d\udc5fCLUB OVRN!<\/span><\/h1>\n<p class=\"mailpoet_form_paragraph  mailpoet-has-font-size\" style=\"text-align: center; font-size: 20px\">Acceso anticipado al primer drop.<br>Sin spam. Solo rendimiento<\/p>\n<div class=\"mailpoet_paragraph \"><style>input[name=\"data[form_field_MmUwZTY2ZWZmZTJhX2VtYWls]\"]::placeholder{color:#abb8c3;opacity: 1;}<\/style><input type=\"email\" autocomplete=\"email\" class=\"mailpoet_text\" id=\"form_email_1\" name=\"data[form_field_MmUwZTY2ZWZmZTJhX2VtYWls]\" title=\"Email\" value=\"\" style=\"width:100%;box-sizing:border-box;background-color:#eeeeee;border-style:solid;border-radius:8px !important;border-width:0px;border-color:#313131;padding:16px;margin: 0 auto 0 0;font-family:&#039;Montserrat&#039;;font-size:20px;line-height:1.5;height:auto;color:#abb8c3;\" data-automation-id=\"form_email\"  placeholder=\"Email *\" aria-label=\"Email *\" data-parsley-errors-container=\".mailpoet_error_14pll\" data-parsley-required=\"true\" required aria-required=\"true\" data-parsley-minlength=\"6\" data-parsley-maxlength=\"150\" data-parsley-type-message=\"This value should be a valid email.\" data-parsley-required-message=\"This field is required.\"\/><span class=\"mailpoet_error_14pll\"><\/span><\/div>\n<div class=\"mailpoet_paragraph \"><input type=\"submit\" class=\"mailpoet_submit\" value=\"QUIERO UNIRME\" data-automation-id=\"subscribe-submit-button\" data-font-family='Montserrat' style=\"width:100%;box-sizing:border-box;background-color:#201f1f;border-style:solid;border-radius:8px !important;border-width:0px;padding:16px;margin: 0 auto 0 0;font-family:&#039;Montserrat&#039;;font-size:20px;line-height:1.5;height:auto;color:#fd572a;border-color:transparent;font-weight:bold;\" \/><span class=\"mailpoet_form_loading\"><span class=\"mailpoet_bounce1\"><\/span><span class=\"mailpoet_bounce2\"><\/span><span class=\"mailpoet_bounce3\"><\/span><\/span><\/div>\n<p class=\"mailpoet_form_paragraph  mailpoet-has-font-size\" style=\"text-align: center; font-size: 13px; line-height: 1.5\"><em><span style=\"font-family: Montserrat\" data-font=\"Montserrat\" class=\"mailpoet-has-font\">No te vamos a spamear! <\/span><\/em><\/p>\n<\/div>\n<div class=\"mailpoet_form_column\"><\/div>\n<\/div><\/div>\n\n      <div class=\"mailpoet_message\">\n        <p class=\"mailpoet_validate_success\"\n                style=\"display:none;\"\n                >Verific\u00e1 tu correo electr\u00f3nico para completar tu registro. Si no lo ves, revis\u00e1 la carpeta de spam.\n        <\/p>\n        <p class=\"mailpoet_validate_error\"\n                style=\"display:none;\"\n                >        <\/p>\n      <\/div>\n    <\/form>\n\n      <\/div>\n\n  ","protected":false},"excerpt":{"rendered":"","protected":false},"author":1,"featured_media":0,"parent":0,"menu_order":0,"comment_status":"closed","ping_status":"closed","template":"","meta":{"footnotes":""},"class_list":["post-275","page","type-page","status-publish","hentry"],"jetpack_sharing_enabled":true,"post-meta":{"_edit_lock":["1772194277:1"],"_edit_last":["1"],"site-container":["default"],"site-header-transparent":["default"],"site-page-header":["default"],"site-sidebar":["default"]},"_links":{"self":[{"href":"https:\/\/www.ovrn.com.py\/index.php\/wp-json\/wp\/v2\/pages\/275","targetHints":{"allow":["GET"]}}],"collection":[{"href":"https:\/\/www.ovrn.com.py\/index.php\/wp-json\/wp\/v2\/pages"}],"about":[{"href":"https:\/\/www.ovrn.com.py\/index.php\/wp-json\/wp\/v2\/types\/page"}],"author":[{"embeddable":true,"href":"https:\/\/www.ovrn.com.py\/index.php\/wp-json\/wp\/v2\/users\/1"}],"replies":[{"embeddable":true,"href":"https:\/\/www.ovrn.com.py\/index.php\/wp-json\/wp\/v2\/comments?post=275"}],"version-history":[{"count":1,"href":"https:\/\/www.ovrn.com.py\/index.php\/wp-json\/wp\/v2\/pages\/275\/revisions"}],"predecessor-version":[{"id":276,"href":"https:\/\/www.ovrn.com.py\/index.php\/wp-json\/wp\/v2\/pages\/275\/revisions\/276"}],"wp:attachment":[{"href":"https:\/\/www.ovrn.com.py\/index.php\/wp-json\/wp\/v2\/media?parent=275"}],"curies":[{"name":"wp","href":"https:\/\/api.w.org\/{rel}","templated":true}]}}